{"id":10,"date":"2021-02-19T21:38:48","date_gmt":"2021-02-19T21:38:48","guid":{"rendered":"http:\/\/wissenschaffts.com\/home\/?page_id=10"},"modified":"2021-08-10T10:51:02","modified_gmt":"2021-08-10T10:51:02","slug":"impessum","status":"publish","type":"page","link":"https:\/\/wissenschaffts.com\/home\/home\/impessum\/","title":{"rendered":"Impressum"},"content":{"rendered":"\n<h4 class=\"has-text-color wp-block-heading\" id=\"imprint\" style=\"color:#0c455e\">Verein zur F\u00f6rderung von F\u00fchrungskultur in den Bereichen Mathematik, Informatik, Naturwissenschaft und Technik<\/h4>\n\n\n\n<p class=\"has-text-color\" style=\"color:#0c455e\">ZVR: 1427669772<\/p>\n\n\n\n<p class=\"has-text-color\" style=\"color:#0c455e\">Pfadenhauergasse 2\/36<br>1140 Vienna\u00a0\u00a0<br>Austria<\/p>\n\n\n\n<p><a href=\"http:\/\/www.vff-mint.com\" target=\"_blank\" rel=\"noreferrer noopener\">www.vff-mint.com<\/a><\/p>\n\n\n\n<h3 class=\"wp-block-heading\" id=\"schutz-der-privatsph\u00e4re\">Schutz der Privatsph\u00e4re<\/h3>\n\n\n\n<p>Cookies sind kleine Textdateien, die beim Besuch unserer Seiten auf Ihren Computer oder Ihr Mobilger\u00e4t (z. B. ein Smartphone oder Tablet) heruntergeladen werden. Ein Cookie enth\u00e4lt normalerweise den Namen der Webseite, auf der es festgelegt wurde, die Lebensdauer des Cookies (d.h. den Zeitraum, in dem das Cookie auf Ihrem Ger\u00e4t verbleibt) und einen Wert, bei dem es sich normalerweise um eine zuf\u00e4llig generierte eindeutige Zahl handelt. Wir verwenden Cookies, um die Verwendung unserer Seiten zu vereinfachen und die Seiten und unsere Produkte besser auf Ihre Interessen und Bed\u00fcrfnisse abzustimmen. Cookies k\u00f6nnen dies tun, da Websites diese Dateien lesen und schreiben k\u00f6nnen. Auf diese Weise k\u00f6nnen Sie Sie erkennen und wichtige Informationen speichern, die Ihnen die Nutzung einer Website erleichtern (z. B. durch Speichern Ihrer bevorzugten Einstellungen). Cookies k\u00f6nnen auch verwendet werden, damit Sie in Zukunft schneller Aktivit\u00e4ten auf unseren Seiten ausf\u00fchren k\u00f6nnen. Wir verwenden Cookies auch, um anonyme, aggregierte Statistiken zu erstellen, die uns helfen, das Nutzerverhalten der Besucher unserer Seiten zu verstehen und die Struktur und den Inhalt unserer Seiten zu verbessern. Die Informationen in Cookies erm\u00f6glichen es uns nicht, Sie pers\u00f6nlich zu identifizieren. Beim Deaktivieren von Cookies kann die Funktion der Website eingeschr\u00e4nkt sein. Wir werden Google Analytics und Webstatistiken von WordPress.com f\u00fcr Einblicke und Verbesserungen verwenden.<\/p>\n\n\n\n<h3 class=\"wp-block-heading\" id=\"umfragen\">Umfragen<\/h3>\n\n\n\n<p>Zuk\u00fcnftige Umfragen \u00fcber pr\u00e4ferierte neue Themen werden v\u00f6llig anonym durchgef\u00fchrt. Die Teilnahme ist freiwillig. <\/p>\n\n\n\n<h3 class=\"wp-block-heading\" id=\"laden-von-dokumenten-und-newsletter-abonnements\">Laden von Dokumenten <\/h3>\n\n\n\n<p>Das Herunterladen von Dokumenten, wie zum Beispiel den zu den Videos zugeh\u00f6rigen Texten, ist gratis. <\/p>\n\n\n\n<h3 class=\"wp-block-heading\" id=\"social-media\">Social Media<\/h3>\n\n\n\n<p>Wir verwenden Social Media Plattformen. Das Besuchen unserer Profile oder das Teilen von Inhalten kann \u00fcber die folgenden Services nachverfolgt werden: YouTube, Instagram, Twitter, Facebook. <\/p>\n\n\n\n<h3 class=\"wp-block-heading\" id=\"bilder-und-aufnahmen\">Mitgliedschaft<\/h3>\n\n\n\n<p>Ihr wollt uns aktiv unterst\u00fctzen? Hier gibt&#8217;s das Formular zum Ansuchen um Mitgliedschaft zum Download. Einfach ausf\u00fcllen und an wissenschaffts@gmail.com schicken. <\/p>\n\n\n\n<div data-wp-interactive=\"core\/file\" class=\"wp-block-file\"><object data-wp-bind--hidden=\"!state.hasPdfPreview\" hidden class=\"wp-block-file__embed\" data=\"http:\/\/wissenschaffts.com\/home\/wp-content\/uploads\/2021\/07\/Declaration_of_accession_VFF-MINT.pdf\" type=\"application\/pdf\" style=\"width:100%;height:200px\" aria-label=\"Einbettung von Embed of Declaration_of_accession_VFF-MINT..\"><\/object><a href=\"http:\/\/wissenschaffts.com\/home\/wp-content\/uploads\/2021\/07\/Declaration_of_accession_VFF-MINT.pdf\" target=\"_blank\" rel=\"noreferrer noopener\">Declaration_of_accession_VFF-MINT<\/a><a href=\"http:\/\/wissenschaffts.com\/home\/wp-content\/uploads\/2021\/07\/Declaration_of_accession_VFF-MINT.pdf\" class=\"wp-block-file__button\" download>Download<\/a><\/div>\n\n\n\n<p><\/p>\n","protected":false},"excerpt":{"rendered":"<p>Verein zur F\u00f6rderung von F\u00fchrungskultur in den Bereichen Mathematik, Informatik, Naturwissenschaft und Technik ZVR: 1427669772 Pfadenhauergasse 2\/361140 Vienna\u00a0\u00a0Austria www.vff-mint.com Schutz der Privatsph\u00e4re Cookies sind kleine Textdateien, die beim Besuch unserer Seiten auf Ihren Computer oder Ihr Mobilger\u00e4t (z. B. ein Smartphone oder Tablet) heruntergeladen werden. Ein Cookie enth\u00e4lt normalerweise den [&hellip;]<\/p>\n","protected":false},"author":2,"featured_media":0,"parent":20,"menu_order":1,"comment_status":"closed","ping_status":"closed","template":"","meta":{"footnotes":""},"class_list":["post-10","page","type-page","status-publish","hentry"],"_links":{"self":[{"href":"https:\/\/wissenschaffts.com\/home\/wp-json\/wp\/v2\/pages\/10","targetHints":{"allow":["GET"]}}],"collection":[{"href":"https:\/\/wissenschaffts.com\/home\/wp-json\/wp\/v2\/pages"}],"about":[{"href":"https:\/\/wissenschaffts.com\/home\/wp-json\/wp\/v2\/types\/page"}],"author":[{"embeddable":true,"href":"https:\/\/wissenschaffts.com\/home\/wp-json\/wp\/v2\/users\/2"}],"replies":[{"embeddable":true,"href":"https:\/\/wissenschaffts.com\/home\/wp-json\/wp\/v2\/comments?post=10"}],"version-history":[{"count":8,"href":"https:\/\/wissenschaffts.com\/home\/wp-json\/wp\/v2\/pages\/10\/revisions"}],"predecessor-version":[{"id":288,"href":"https:\/\/wissenschaffts.com\/home\/wp-json\/wp\/v2\/pages\/10\/revisions\/288"}],"up":[{"embeddable":true,"href":"https:\/\/wissenschaffts.com\/home\/wp-json\/wp\/v2\/pages\/20"}],"wp:attachment":[{"href":"https:\/\/wissenschaffts.com\/home\/wp-json\/wp\/v2\/media?parent=10"}],"curies":[{"name":"wp","href":"https:\/\/api.w.org\/{rel}","templated":true}]}}