{"id":20,"date":"2021-02-21T17:17:41","date_gmt":"2021-02-21T17:17:41","guid":{"rendered":"http:\/\/wissenschaffts.com\/home\/?page_id=20"},"modified":"2021-07-28T14:01:08","modified_gmt":"2021-07-28T14:01:08","slug":"home","status":"publish","type":"page","link":"https:\/\/wissenschaffts.com\/home\/","title":{"rendered":"Home"},"content":{"rendered":"\n<p class=\"has-text-color has-large-font-size\" style=\"color:#0c455e\"><strong>Science Edutainment f\u00fcr Kinder &amp; Jugendliche<\/strong><\/p>\n\n\n\n<p class=\"has-text-color has-medium-font-size\" style=\"color:#0c455e\"><strong>von Forscher:innen der Naturwissenschaften konzipiert<\/strong><\/p>\n\n\n\n<figure class=\"wp-block-image size-medium is-resized\"><img loading=\"lazy\" decoding=\"async\" src=\"https:\/\/wissenschaffts.com\/home\/wp-content\/uploads\/2021\/07\/PuzzlePiece3-298x300.png\" alt=\"\" class=\"wp-image-241\" width=\"149\" height=\"150\" srcset=\"https:\/\/wissenschaffts.com\/home\/wp-content\/uploads\/2021\/07\/PuzzlePiece3-298x300.png 298w, https:\/\/wissenschaffts.com\/home\/wp-content\/uploads\/2021\/07\/PuzzlePiece3-1019x1024.png 1019w, https:\/\/wissenschaffts.com\/home\/wp-content\/uploads\/2021\/07\/PuzzlePiece3-150x150.png 150w, https:\/\/wissenschaffts.com\/home\/wp-content\/uploads\/2021\/07\/PuzzlePiece3-768x772.png 768w, https:\/\/wissenschaffts.com\/home\/wp-content\/uploads\/2021\/07\/PuzzlePiece3-1528x1536.png 1528w, https:\/\/wissenschaffts.com\/home\/wp-content\/uploads\/2021\/07\/PuzzlePiece3-2038x2048.png 2038w\" sizes=\"auto, (max-width: 149px) 100vw, 149px\" \/><\/figure>\n\n\n\n<p class=\"has-text-color\" style=\"color:#0c455e\">Die Idee ist denkbar simpel: naturwissenschaftliche komplexe Inhalte an Kinder, Jugendliche und junge Erwachsene weiterzugeben. <\/p>\n\n\n\n<p class=\"has-text-color\" style=\"color:#0c455e\">M\u00f6glichst fundiert, einfach und spielerisch. <\/p>\n\n\n\n<figure class=\"wp-block-image size-medium is-resized\"><img loading=\"lazy\" decoding=\"async\" src=\"https:\/\/wissenschaffts.com\/home\/wp-content\/uploads\/2021\/07\/PuzzlePiece2-300x280.png\" alt=\"\" class=\"wp-image-243\" width=\"150\" height=\"140\" srcset=\"https:\/\/wissenschaffts.com\/home\/wp-content\/uploads\/2021\/07\/PuzzlePiece2-300x280.png 300w, https:\/\/wissenschaffts.com\/home\/wp-content\/uploads\/2021\/07\/PuzzlePiece2-1024x954.png 1024w, https:\/\/wissenschaffts.com\/home\/wp-content\/uploads\/2021\/07\/PuzzlePiece2-768x716.png 768w, https:\/\/wissenschaffts.com\/home\/wp-content\/uploads\/2021\/07\/PuzzlePiece2-1536x1432.png 1536w, https:\/\/wissenschaffts.com\/home\/wp-content\/uploads\/2021\/07\/PuzzlePiece2.png 1885w\" sizes=\"auto, (max-width: 150px) 100vw, 150px\" \/><\/figure>\n\n\n\n<p class=\"has-text-color\" style=\"color:#0c455e\">Wir wollen Wissen nicht nur einfach begreifbar machen, unser Anliegen ist es auch die gro\u00dfe L\u00fccke zwischen neuen Entdeckungen und deren Ankunft im Allgemeinwissen in Echtzeit zu schlie\u00dfen. Kuratiert, fundiert und immer auf dem aktuellsten Stand der wissenschaftlichen Erkenntnisse. <\/p>\n\n\n\n<figure class=\"wp-block-image size-medium is-resized\"><img loading=\"lazy\" decoding=\"async\" src=\"https:\/\/wissenschaffts.com\/home\/wp-content\/uploads\/2021\/07\/PuzzlePiece1-300x287.png\" alt=\"\" class=\"wp-image-242\" width=\"150\" height=\"144\" srcset=\"https:\/\/wissenschaffts.com\/home\/wp-content\/uploads\/2021\/07\/PuzzlePiece1-300x287.png 300w, https:\/\/wissenschaffts.com\/home\/wp-content\/uploads\/2021\/07\/PuzzlePiece1-1024x980.png 1024w, https:\/\/wissenschaffts.com\/home\/wp-content\/uploads\/2021\/07\/PuzzlePiece1-768x735.png 768w, https:\/\/wissenschaffts.com\/home\/wp-content\/uploads\/2021\/07\/PuzzlePiece1.png 1509w\" sizes=\"auto, (max-width: 150px) 100vw, 150px\" \/><\/figure>\n","protected":false},"excerpt":{"rendered":"<p>Science Edutainment f\u00fcr Kinder &amp; Jugendliche von Forscher:innen der Naturwissenschaften konzipiert Die Idee ist denkbar simpel: naturwissenschaftliche komplexe Inhalte an Kinder, Jugendliche und junge Erwachsene weiterzugeben. M\u00f6glichst fundiert, einfach und spielerisch. Wir wollen Wissen nicht nur einfach begreifbar machen, unser Anliegen ist es auch die gro\u00dfe L\u00fccke zwischen neuen Entdeckungen [&hellip;]<\/p>\n","protected":false},"author":1,"featured_media":0,"parent":0,"menu_order":0,"comment_status":"closed","ping_status":"closed","template":"","meta":{"footnotes":""},"class_list":["post-20","page","type-page","status-publish","hentry"],"_links":{"self":[{"href":"https:\/\/wissenschaffts.com\/home\/wp-json\/wp\/v2\/pages\/20","targetHints":{"allow":["GET"]}}],"collection":[{"href":"https:\/\/wissenschaffts.com\/home\/wp-json\/wp\/v2\/pages"}],"about":[{"href":"https:\/\/wissenschaffts.com\/home\/wp-json\/wp\/v2\/types\/page"}],"author":[{"embeddable":true,"href":"https:\/\/wissenschaffts.com\/home\/wp-json\/wp\/v2\/users\/1"}],"replies":[{"embeddable":true,"href":"https:\/\/wissenschaffts.com\/home\/wp-json\/wp\/v2\/comments?post=20"}],"version-history":[{"count":23,"href":"https:\/\/wissenschaffts.com\/home\/wp-json\/wp\/v2\/pages\/20\/revisions"}],"predecessor-version":[{"id":281,"href":"https:\/\/wissenschaffts.com\/home\/wp-json\/wp\/v2\/pages\/20\/revisions\/281"}],"wp:attachment":[{"href":"https:\/\/wissenschaffts.com\/home\/wp-json\/wp\/v2\/media?parent=20"}],"curies":[{"name":"wp","href":"https:\/\/api.w.org\/{rel}","templated":true}]}}